{"id":139,"date":"2020-03-21T01:39:44","date_gmt":"2020-03-21T00:39:44","guid":{"rendered":"https:\/\/www.suedtirolliefert.com\/dsgvo\/"},"modified":"2020-03-27T12:08:25","modified_gmt":"2020-03-27T11:08:25","slug":"dsgvo","status":"publish","type":"page","link":"https:\/\/www.suedtirolliefert.com\/it\/dsgvo\/","title":{"rendered":"DSGVO"},"content":{"rendered":"","protected":false},"excerpt":{"rendered":"","protected":false},"author":1,"featured_media":0,"parent":0,"menu_order":5,"comment_status":"closed","ping_status":"closed","template":"template-dsgvo.php","meta":{"_acf_changed":false,"footnotes":""},"categories":[],"acf":[],"yoast_head":"<!-- This site is optimized with the Yoast SEO plugin v22.4 - https:\/\/yoast.com\/wordpress\/plugins\/seo\/ -->\n<title>DSGVO - S\u00fcdtirol liefert<\/title>\n<meta name=\"robots\" content=\"index, follow, max-snippet:-1, max-image-preview:large, max-video-preview:-1\" \/>\n<link rel=\"canonical\" href=\"https:\/\/www.suedtirolliefert.com\/it\/dsgvo\/\" \/>\n<meta property=\"og:locale\" content=\"it_IT\" \/>\n<meta property=\"og:type\" content=\"article\" \/>\n<meta property=\"og:title\" content=\"Compriamo prodotti locali su internet!\" \/>\n<meta property=\"og:description\" content=\"Anche se non possiamo pi\u00f9 fare la spesa come di consueto, ci\u00f2 non significa che non possiamo pi\u00f9 comprare prodotti locali.\" \/>\n<meta property=\"og:url\" content=\"https:\/\/www.suedtirolliefert.com\/it\/dsgvo\/\" \/>\n<meta property=\"og:site_name\" content=\"S\u00fcdtirol liefert\" \/>\n<meta property=\"article:modified_time\" content=\"2020-03-27T11:08:25+00:00\" \/>\n<meta property=\"og:image\" content=\"https:\/\/www.suedtirolliefert.com\/wp-content\/uploads\/FB_Bild_IT-1.jpg\" \/>\n\t<meta property=\"og:image:width\" content=\"2000\" \/>\n\t<meta property=\"og:image:height\" content=\"1045\" \/>\n\t<meta property=\"og:image:type\" content=\"image\/jpeg\" \/>\n<meta name=\"twitter:card\" content=\"summary_large_image\" \/>\n<script type=\"application\/ld+json\" class=\"yoast-schema-graph\">{\"@context\":\"https:\/\/schema.org\",\"@graph\":[{\"@type\":\"WebPage\",\"@id\":\"https:\/\/www.suedtirolliefert.com\/it\/dsgvo\/\",\"url\":\"https:\/\/www.suedtirolliefert.com\/it\/dsgvo\/\",\"name\":\"DSGVO - S\u00fcdtirol liefert\",\"isPartOf\":{\"@id\":\"https:\/\/www.suedtirolliefert.com\/#website\"},\"datePublished\":\"2020-03-21T00:39:44+00:00\",\"dateModified\":\"2020-03-27T11:08:25+00:00\",\"breadcrumb\":{\"@id\":\"https:\/\/www.suedtirolliefert.com\/it\/dsgvo\/#breadcrumb\"},\"inLanguage\":\"it-IT\",\"potentialAction\":[{\"@type\":\"ReadAction\",\"target\":[\"https:\/\/www.suedtirolliefert.com\/it\/dsgvo\/\"]}]},{\"@type\":\"BreadcrumbList\",\"@id\":\"https:\/\/www.suedtirolliefert.com\/it\/dsgvo\/#breadcrumb\",\"itemListElement\":[{\"@type\":\"ListItem\",\"position\":1,\"name\":\"Startseite\",\"item\":\"https:\/\/www.suedtirolliefert.com\/it\/\"},{\"@type\":\"ListItem\",\"position\":2,\"name\":\"DSGVO\"}]},{\"@type\":\"WebSite\",\"@id\":\"https:\/\/www.suedtirolliefert.com\/#website\",\"url\":\"https:\/\/www.suedtirolliefert.com\/\",\"name\":\"S\u00fcdtirol liefert\",\"description\":\"\",\"potentialAction\":[{\"@type\":\"SearchAction\",\"target\":{\"@type\":\"EntryPoint\",\"urlTemplate\":\"https:\/\/www.suedtirolliefert.com\/?s={search_term_string}\"},\"query-input\":\"required name=search_term_string\"}],\"inLanguage\":\"it-IT\"}]}<\/script>\n<!-- \/ Yoast SEO plugin. -->","yoast_head_json":{"title":"DSGVO - S\u00fcdtirol liefert","robots":{"index":"index","follow":"follow","max-snippet":"max-snippet:-1","max-image-preview":"max-image-preview:large","max-video-preview":"max-video-preview:-1"},"canonical":"https:\/\/www.suedtirolliefert.com\/it\/dsgvo\/","og_locale":"it_IT","og_type":"article","og_title":"Compriamo prodotti locali su internet!","og_description":"Anche se non possiamo pi\u00f9 fare la spesa come di consueto, ci\u00f2 non significa che non possiamo pi\u00f9 comprare prodotti locali.","og_url":"https:\/\/www.suedtirolliefert.com\/it\/dsgvo\/","og_site_name":"S\u00fcdtirol liefert","article_modified_time":"2020-03-27T11:08:25+00:00","og_image":[{"width":2000,"height":1045,"url":"https:\/\/www.suedtirolliefert.com\/wp-content\/uploads\/FB_Bild_IT-1.jpg","type":"image\/jpeg"}],"twitter_card":"summary_large_image","schema":{"@context":"https:\/\/schema.org","@graph":[{"@type":"WebPage","@id":"https:\/\/www.suedtirolliefert.com\/it\/dsgvo\/","url":"https:\/\/www.suedtirolliefert.com\/it\/dsgvo\/","name":"DSGVO - S\u00fcdtirol liefert","isPartOf":{"@id":"https:\/\/www.suedtirolliefert.com\/#website"},"datePublished":"2020-03-21T00:39:44+00:00","dateModified":"2020-03-27T11:08:25+00:00","breadcrumb":{"@id":"https:\/\/www.suedtirolliefert.com\/it\/dsgvo\/#breadcrumb"},"inLanguage":"it-IT","potentialAction":[{"@type":"ReadAction","target":["https:\/\/www.suedtirolliefert.com\/it\/dsgvo\/"]}]},{"@type":"BreadcrumbList","@id":"https:\/\/www.suedtirolliefert.com\/it\/dsgvo\/#breadcrumb","itemListElement":[{"@type":"ListItem","position":1,"name":"Startseite","item":"https:\/\/www.suedtirolliefert.com\/it\/"},{"@type":"ListItem","position":2,"name":"DSGVO"}]},{"@type":"WebSite","@id":"https:\/\/www.suedtirolliefert.com\/#website","url":"https:\/\/www.suedtirolliefert.com\/","name":"S\u00fcdtirol liefert","description":"","potentialAction":[{"@type":"SearchAction","target":{"@type":"EntryPoint","urlTemplate":"https:\/\/www.suedtirolliefert.com\/?s={search_term_string}"},"query-input":"required name=search_term_string"}],"inLanguage":"it-IT"}]}},"_links":{"self":[{"href":"https:\/\/www.suedtirolliefert.com\/it\/wp-json\/wp\/v2\/pages\/139"}],"collection":[{"href":"https:\/\/www.suedtirolliefert.com\/it\/wp-json\/wp\/v2\/pages"}],"about":[{"href":"https:\/\/www.suedtirolliefert.com\/it\/wp-json\/wp\/v2\/types\/page"}],"author":[{"embeddable":true,"href":"https:\/\/www.suedtirolliefert.com\/it\/wp-json\/wp\/v2\/users\/1"}],"replies":[{"embeddable":true,"href":"https:\/\/www.suedtirolliefert.com\/it\/wp-json\/wp\/v2\/comments?post=139"}],"version-history":[{"count":1,"href":"https:\/\/www.suedtirolliefert.com\/it\/wp-json\/wp\/v2\/pages\/139\/revisions"}],"predecessor-version":[{"id":173,"href":"https:\/\/www.suedtirolliefert.com\/it\/wp-json\/wp\/v2\/pages\/139\/revisions\/173"}],"wp:attachment":[{"href":"https:\/\/www.suedtirolliefert.com\/it\/wp-json\/wp\/v2\/media?parent=139"}],"wp:term":[{"taxonomy":"category","embeddable":true,"href":"https:\/\/www.suedtirolliefert.com\/it\/wp-json\/wp\/v2\/categories?post=139"}],"curies":[{"name":"wp","href":"https:\/\/api.w.org\/{rel}","templated":true}]}}